{"id":334,"date":"2026-02-17T23:19:21","date_gmt":"2026-02-17T21:19:21","guid":{"rendered":"https:\/\/smkielnia.szczecin.pl\/?page_id=334"},"modified":"2026-03-19T19:32:46","modified_gmt":"2026-03-19T17:32:46","slug":"dok_reg","status":"publish","type":"page","link":"https:\/\/smkielnia.szczecin.pl\/index.php\/dok_reg\/","title":{"rendered":"Dokumenty i Regulaminy"},"content":{"rendered":"\n<div class=\"et_pb_section_0 et_pb_section et_section_specialty et_pb_gutters3 et_block_section\"><div class=\"et_pb_row et_block_row\"><div class=\"et_pb_column_0 et_pb_column et_pb_column_single et_pb_column_1_2 et_block_column et_pb_css_mix_blend_mode_passthrough preset--module--divi-column--73121f80-a3ef-4484-8763-c3f18e3c56d2\"><div class=\"et_pb_heading_0 et_pb_heading et_pb_module et_block_module preset--module--divi-heading--ddeb8c09-9078-4424-bc15-2efb6572e28e\"><div class=\"et_pb_heading_container\"><h1 class=\"et_pb_module_header\">Dokumenty Sp\u00f3\u0142dzielni Mieszkaniowej Kielnia<\/h1><\/div><\/div><div class=\"et_pb_text_0 et_pb_text et_pb_bg_layout_light et_pb_module et_block_module preset--module--divi-text--0504de1e-f5ff-4281-ba60-cbbe4edf98bc\"><div class=\"et_pb_text_inner\"><p>Odkryj najwa\u017cniejsze dokumenty, kt\u00f3re definiuj\u0105 zasady i regulacje naszej sp\u00f3\u0142dzielni, zapewniaj\u0105c przejrzysto\u015b\u0107 i zrozumienie dla wszystkich cz\u0142onk\u00f3w.<\/p>\n<\/div><\/div><\/div><div class=\"et_pb_column_1 et_pb_column et_pb_specialty_column et_pb_column_1_2 et-last-child et_block_column et_pb_column_empty et_pb_css_mix_blend_mode_passthrough\"><\/div><\/div><\/div><div class=\"et_pb_section_1 et_pb_section et_section_regular et_block_section\"><div class=\"et_pb_row_0 et_pb_row et_block_row\"><div class=\"et_pb_column_2 et_pb_column et_pb_column_1_2 et_block_column et_pb_css_mix_blend_mode_passthrough\"><div class=\"et_pb_blurb_0 et_pb_blurb et_pb_bg_layout_light et_pb_blurb_position_left et_clickable et_pb_module et_block_module preset--module--divi-blurb--65059203-12d3-44f6-8371-3f5cf61a0475\"><div class=\"et_pb_blurb_content\"><div class=\"et_pb_main_blurb_image\"><span class=\"et_pb_image_wrap\"><span class=\"et-pb-icon et-waypoint et_pb_animation_off et_pb_animation_off_tablet et_pb_animation_off_phone\">\uf1c2<\/span><\/span><\/div><div class=\"et_pb_blurb_container\"><h4 class=\"et_pb_module_header\">Statut Sp\u00f3\u0142dzielni<\/h4><div class=\"et_pb_blurb_description\"><p>Dokument okre\u015blaj\u0105cy struktur\u0119 organizacyjn\u0105 i zasady funkcjonowania sp\u00f3\u0142dzielni.<\/p>\n<\/div><\/div><\/div><\/div><div class=\"et_pb_blurb_1 et_pb_blurb et_pb_bg_layout_light et_pb_blurb_position_left et_clickable et_pb_module et_block_module preset--module--divi-blurb--65059203-12d3-44f6-8371-3f5cf61a0475\"><div class=\"et_pb_blurb_content\"><div class=\"et_pb_main_blurb_image\"><span class=\"et_pb_image_wrap\"><span class=\"et-pb-icon et-waypoint et_pb_animation_off et_pb_animation_off_tablet et_pb_animation_off_phone\">\uf46d<\/span><\/span><\/div><div class=\"et_pb_blurb_container\"><h4 class=\"et_pb_module_header\">Regulamin Zarz\u0105du<\/h4><div class=\"et_pb_blurb_description\"><p>Reguluje zasady dzia\u0142ania i obowi\u0105zki zarz\u0105du sp\u00f3\u0142dzielni.<\/p>\n<\/div><\/div><\/div><\/div><div class=\"et_pb_blurb_2 et_pb_blurb et_pb_bg_layout_light et_pb_blurb_position_left et_clickable et_pb_module et_block_module preset--module--divi-blurb--65059203-12d3-44f6-8371-3f5cf61a0475\"><div class=\"et_pb_blurb_content\"><div class=\"et_pb_main_blurb_image\"><span class=\"et_pb_image_wrap\"><span class=\"et-pb-icon et-waypoint et_pb_animation_off et_pb_animation_off_tablet et_pb_animation_off_phone\">\ue065<\/span><\/span><\/div><div class=\"et_pb_blurb_container\"><h4 class=\"et_pb_module_header\">Regulamin Porz\u0105dku Domowego<\/h4><div class=\"et_pb_blurb_description\"><p>Okre\u015bla zasady utrzymania porz\u0105dku i bezpiecze\u0144stwa w zasobach sp\u00f3\u0142dzielni.<\/p>\n<\/div><\/div><\/div><\/div><div class=\"et_pb_blurb_3 et_pb_blurb et_pb_bg_layout_light et_pb_blurb_position_left et_clickable et_pb_module et_block_module preset--module--divi-blurb--65059203-12d3-44f6-8371-3f5cf61a0475\"><div class=\"et_pb_blurb_content\"><div class=\"et_pb_main_blurb_image\"><span class=\"et_pb_image_wrap\"><span class=\"et-pb-icon et-waypoint et_pb_animation_off et_pb_animation_off_tablet et_pb_animation_off_phone\">\uf53c<\/span><\/span><\/div><div class=\"et_pb_blurb_container\"><h4 class=\"et_pb_module_header\">Regulamin Rozliczania Koszt\u00f3w<\/h4><div class=\"et_pb_blurb_description\"><p>Opisuje metody i zasady rozliczania koszt\u00f3w gospodarki zasobami mieszkaniowymi i ustalania op\u0142at za u\u017cywanie lokali w SM \u201eKielnia\u201d.<\/p>\n<\/div><\/div><\/div><\/div><\/div><div class=\"et_pb_column_3 et_pb_column et_pb_column_1_2 et-last-child et_block_column et_pb_column_empty et_pb_css_mix_blend_mode_passthrough\"><\/div><\/div><\/div>\n","protected":false},"excerpt":{"rendered":"","protected":false},"author":1,"featured_media":0,"parent":0,"menu_order":0,"comment_status":"closed","ping_status":"closed","template":"","meta":{"footnotes":""},"class_list":["post-334","page","type-page","status-publish","hentry"],"_links":{"self":[{"href":"https:\/\/smkielnia.szczecin.pl\/index.php\/wp-json\/wp\/v2\/pages\/334","targetHints":{"allow":["GET"]}}],"collection":[{"href":"https:\/\/smkielnia.szczecin.pl\/index.php\/wp-json\/wp\/v2\/pages"}],"about":[{"href":"https:\/\/smkielnia.szczecin.pl\/index.php\/wp-json\/wp\/v2\/types\/page"}],"author":[{"embeddable":true,"href":"https:\/\/smkielnia.szczecin.pl\/index.php\/wp-json\/wp\/v2\/users\/1"}],"replies":[{"embeddable":true,"href":"https:\/\/smkielnia.szczecin.pl\/index.php\/wp-json\/wp\/v2\/comments?post=334"}],"version-history":[{"count":12,"href":"https:\/\/smkielnia.szczecin.pl\/index.php\/wp-json\/wp\/v2\/pages\/334\/revisions"}],"predecessor-version":[{"id":390,"href":"https:\/\/smkielnia.szczecin.pl\/index.php\/wp-json\/wp\/v2\/pages\/334\/revisions\/390"}],"wp:attachment":[{"href":"https:\/\/smkielnia.szczecin.pl\/index.php\/wp-json\/wp\/v2\/media?parent=334"}],"curies":[{"name":"wp","href":"https:\/\/api.w.org\/{rel}","templated":true}]}}