{"id":191,"date":"2024-06-16T20:24:50","date_gmt":"2024-06-16T20:24:50","guid":{"rendered":"https:\/\/smkielnia.szczecin.pl\/?page_id=191"},"modified":"2026-03-19T19:32:43","modified_gmt":"2026-03-19T17:32:43","slug":"aktualnosci","status":"publish","type":"page","link":"https:\/\/smkielnia.szczecin.pl\/index.php\/aktualnosci\/","title":{"rendered":"Aktualno\u015bci"},"content":{"rendered":"\n<div class=\"et_pb_section_0 et_pb_section et_section_regular et_block_section\"><div class=\"et_pb_row_0 et_pb_row et_block_row\"><div class=\"et_pb_column_0 et_pb_column et_pb_column_4_4 et-last-child et_block_column et_pb_css_mix_blend_mode_passthrough\"><div class=\"et_pb_image_0 et_pb_image et_pb_image_sticky et_pb_module et_block_module\"><span class=\"et_pb_image_wrap\"><img loading=\"lazy\" decoding=\"async\" src=\"https:\/\/smkielnia.szczecin.pl\/wp-content\/uploads\/2024\/06\/header.jpg\" width=\"1268\" height=\"150\" srcset=\"https:\/\/smkielnia.szczecin.pl\/wp-content\/uploads\/2024\/06\/header.jpg 1268w, https:\/\/smkielnia.szczecin.pl\/wp-content\/uploads\/2024\/06\/header-980x116.jpg 980w, https:\/\/smkielnia.szczecin.pl\/wp-content\/uploads\/2024\/06\/header-480x57.jpg 480w\" sizes=\"(min-width: 0px) and (max-width: 480px) 480px, (min-width: 481px) and (max-width: 980px) 980px, (min-width: 981px) 1268px, 100vw\" class=\"wp-image-19\" \/><\/span><\/div><div class=\"et_pb_text_0 et_pb_text et_pb_bg_layout_light et_pb_module et_block_module et_pb_text_align_center\"><div class=\"et_pb_text_inner\"><p style=\"text-align: center;\">Aktualno\u015bci<\/p>\n<\/div><\/div><\/div><\/div><div class=\"et_pb_row_1 et_pb_row et_pb_row_3-4_1-4 et_block_row et_block_row_3-4_1-4\"><div class=\"et_pb_column_1 et_pb_column et_pb_column_3_4 et_block_column et_pb_css_mix_blend_mode_passthrough\"><div class=\"et_pb_post_nav_0 et_pb_posts_nav nav-single et_pb_module et_block_module\"><span class=\"nav-previous\"><a href=\"https:\/\/smkielnia.szczecin.pl\/index.php\/start\/\" rel=\"prev\" class=\"\"><span class=\"meta-nav\">&larr; <\/span><span class=\"nav-label\">Poprzedni wpis<\/span><\/a><\/span><span class=\"nav-next\"><a href=\"https:\/\/smkielnia.szczecin.pl\/index.php\/glosowanie\/\" rel=\"next\" class=\"\"><span class=\"nav-label\">Nast\u0119pny wpis<\/span><span class=\"meta-nav\"> &rarr;<\/span><\/a><\/span><\/div><div class=\"et_pb_blog_0 et_pb_blog et_pb_bg_layout_light et_pb_posts et_pb_module\"><div class=\"et_pb_ajax_pagination_container\"><div class=\"et_pb_posts et_block_module\"><article class=\"et_pb_post et_pb_post_id_319 clearfix et_pb_blog_item_0_0 post-319 post type-post status-publish format-standard hentry category-uncategorized\"><h2 class=\"entry-title\"><a href=\"https:\/\/smkielnia.szczecin.pl\/index.php\/2025\/12\/03\/bon-cieplowniczy\/\">Bon ciep\u0142owniczy<\/a><\/h2><p class=\"post-meta\"><\/p><div class=\"post-content\"><div class=\"post-content-inner\"><p>Bon Ciep\u0142owniczy dla Mieszka\u0144c\u00f3w Ustawa z dnia 12 wrze\u015bnia 2025 roku wprowadza bon ciep\u0142owniczy, kt\u00f3ry jest wsparciem finansowym dla gospodarstw domowych korzystaj\u0105cych z ciep\u0142a systemowego. Aby si\u0119 zakwalifikowa\u0107, gospodarstwa musz\u0105 spe\u0142nia\u0107 okre\u015blone kryteria&#8230;<\/p>\n<\/div><\/div><\/article><article class=\"et_pb_post et_pb_post_id_312 clearfix et_pb_blog_item_0_1 post-312 post type-post status-publish format-standard hentry category-uncategorized\"><h2 class=\"entry-title\"><a href=\"https:\/\/smkielnia.szczecin.pl\/index.php\/2025\/10\/30\/312\/\">10 listopada<\/a><\/h2><p class=\"post-meta\"><\/p><div class=\"post-content\"><div class=\"post-content-inner\"><p>Zamkni\u0119cie Biura Biuro Nieczynne 10-11 Listopada Informujemy, \u017ce nasze biuro b\u0119dzie zamkni\u0119te z okazji przed\u0142u\u017conego \u015bwi\u0119ta 11-go listopada. Przepraszamy za wszelkie niedogodno\u015bci i zapraszamy do kontaktu w inne dni robocze. Przyczyna Zamkni\u0119cia \u015awi\u0119to Niepodleg\u0142o\u015bci&#8230;<\/p>\n<\/div><\/div><\/article><article class=\"et_pb_post et_pb_post_id_283 clearfix et_pb_blog_item_0_2 post-283 post type-post status-publish format-standard hentry category-uncategorized\"><h2 class=\"entry-title\"><a href=\"https:\/\/smkielnia.szczecin.pl\/index.php\/2025\/05\/29\/sprawozdanie-finansowe-za-2024-rok\/\">Sprawozdanie finansowe za 2024 rok<\/a><\/h2><p class=\"post-meta\"><\/p><div class=\"post-content\"><div class=\"post-content-inner\"><p>Mo\u017cesz sprawdzi\u0107 nasze fiananse Sprawozdanie Finansowe 2024 Zapraszamy do zapoznania si\u0119 z naszym szczeg\u00f3\u0142owym sprawozdaniem finansowym za rok 2024, kt\u00f3re odzwierciedla nasze zaanga\u017cowanie w transparentno\u015b\u0107 i odpowiedzialno\u015b\u0107 finansow\u0105. Wprowadzenie do sprawozdania&#8230;<\/p>\n<\/div><\/div><\/article><article class=\"et_pb_post et_pb_post_id_248 clearfix et_pb_blog_item_0_3 post-248 post type-post status-publish format-standard hentry category-uncategorized\"><h2 class=\"entry-title\"><a href=\"https:\/\/smkielnia.szczecin.pl\/index.php\/2025\/04\/16\/2-go-maja-biuro-spoldzielni-bedzie-nieczynne\/\">2-go maja biuro sp\u00f3\u0142dzielni b\u0119dzie nieczynne<\/a><\/h2><p class=\"post-meta\"><\/p><div class=\"post-content\"><div class=\"post-content-inner\"><p>Przerwa w Dzia\u0142aniu Biur Sp\u00f3\u0142dzielni Informujemy, \u017ce z powodu \u015bwi\u0105t majowych, biura sp\u00f3\u0142dzielni b\u0119d\u0105 nieczynne. Dzi\u0119kujemy za zrozumienie i \u017cyczymy udanego wypoczynku! Szczeg\u00f3\u0142y Zamkni\u0119cia Biur Biura Nieczynne 2-go Maja W zwi\u0105zku z obchodami \u015awi\u0119ta Pracy oraz \u015awi\u0119ta&#8230;<\/p>\n<\/div><\/div><\/article><article class=\"et_pb_post et_pb_post_id_237 clearfix et_pb_blog_item_0_4 post-237 post type-post status-publish format-standard hentry category-uncategorized\"><h2 class=\"entry-title\"><a href=\"https:\/\/smkielnia.szczecin.pl\/index.php\/2025\/04\/13\/swieta-wielkanocne-nie-pracujemy\/\">\u015awi\u0119ta Wielkanocne &#8211; nie pracujemy<\/a><\/h2><p class=\"post-meta\"><\/p><div class=\"post-content\"><div class=\"post-content-inner\"><p>Zamkni\u0119cie Biur na \u015awi\u0119ta Wielkanocne Sprawd\u017a Szczeg\u00f3\u0142y Zamkni\u0119cia Informujemy, \u017ce nasze biura b\u0119d\u0105 nieczynne w okresie \u015bwi\u0105t wielkanocnych. Prosimy o zapoznanie si\u0119 z poni\u017cszymi szczeg\u00f3\u0142ami. Dowiedz si\u0119 wi\u0119cej Szczeg\u00f3\u0142y Zamkni\u0119cia Biura Nieczynne od 7 do 10 Kwietnia&#8230;<\/p>\n<\/div><\/div><\/article><article class=\"et_pb_post et_pb_post_id_218 clearfix et_pb_blog_item_0_5 post-218 post type-post status-publish format-standard hentry category-uncategorized\"><h2 class=\"entry-title\"><a href=\"https:\/\/smkielnia.szczecin.pl\/index.php\/2024\/08\/12\/218\/\">16-go sierpnia dzie\u0144 wolny<\/a><\/h2><p class=\"post-meta\"><\/p><div class=\"post-content\"><div class=\"post-content-inner\"><p>W zwi\u0105zku z faktem, \u017ce 15-go sieprnia jest \u015bwi\u0119to informujemy uprzejmie naszym klinet\u00f3w, \u017ce w dniu nastepnym, tj. 16-go sierpnia 2024r biura sp\u00f3\u0142dzielni &#8222;Kielnia&#8221; b\u0119d\u0105 nieczynne.\u00a0Zapraszamy ponownie od poniedzia\u0142ku 19-go sieprnia. &nbsp; Administracja Sp\u00f3\u0142dzielni&#8230;<\/p>\n<\/div><\/div><\/article><article class=\"et_pb_post et_pb_post_id_144 clearfix et_pb_blog_item_0_6 post-144 post type-post status-publish format-standard hentry category-uncategorized\"><h2 class=\"entry-title\"><a href=\"https:\/\/smkielnia.szczecin.pl\/index.php\/2024\/06\/02\/pogotowie-lokatorskie-dla-prawobrzeza\/\">Pogotowie Lokatorskie dla prawobrze\u017ca i Mierzyna<\/a><\/h2><p class=\"post-meta\"><\/p><div class=\"post-content\"><div class=\"post-content-inner\"><p>Informujemy, \u017ce osiedla po\u0142o\u017cone na Prawobrze\u017cu oraz w Mierzynie obs\u0142uguje pogotowie lokatorskie pod nr telefonu 609 587 557<\/p>\n<\/div><\/div><\/article><article class=\"et_pb_post et_pb_post_id_108 clearfix et_pb_blog_item_0_7 post-108 post type-post status-publish format-standard hentry category-uncategorized\"><h2 class=\"entry-title\"><a href=\"https:\/\/smkielnia.szczecin.pl\/index.php\/2024\/06\/02\/awaria-lacza-usunieta\/\">Awaria \u0142\u0105cza usuni\u0119ta<\/a><\/h2><p class=\"post-meta\"><\/p><div class=\"post-content\"><div class=\"post-content-inner\"><p>e-czynsze Szanowni Pa\u0144stwo w zwi\u0105zku z atakiem DDONS na nasze \u0142\u0105cze dost\u0119p do e-czynszy zosta\u0142 chwilowo zawieszony. Problem zostanie na dniach rozwi\u0105zany i dost\u0119p zostanie przywr\u00f3cony &nbsp;<\/p>\n<\/div><\/div><\/article><\/div><div class=\"pagination clearfix\">\n\t<div class=\"alignleft\"><\/div>\n\t<div class=\"alignright\"><\/div>\n<\/div><\/div><\/div><\/div><div class=\"et_pb_column_2 et_pb_column et_pb_column_1_4 et-last-child et_block_column et_pb_css_mix_blend_mode_passthrough\"><div class=\"et_pb_sidebar_0 et_pb_widget_area clearfix et_pb_widget_area_left et_pb_bg_layout_light et_pb_module et_block_module\"><div id=\"block-2\" class=\"et_pb_widget widget_block widget_search\"><form role=\"search\" method=\"get\" action=\"https:\/\/smkielnia.szczecin.pl\/\" class=\"wp-block-search__button-outside wp-block-search__text-button wp-block-search\" ><label class=\"wp-block-search__label\" for=\"wp-block-search__input-1\" >Szukaj<\/label><div class=\"wp-block-search__inside-wrapper\" ><input class=\"wp-block-search__input\" id=\"wp-block-search__input-1\" placeholder=\"\" value=\"\" type=\"search\" name=\"s\" required \/><button aria-label=\"Szukaj\" class=\"wp-block-search__button wp-element-button\" type=\"submit\" >Szukaj<\/button><\/div><\/form><\/div><div id=\"block-3\" class=\"et_pb_widget widget_block\"><div class=\"wp-block-group is-layout-flow wp-block-group-is-layout-flow\"><h2 class=\"wp-block-heading\">Recent Posts<\/h2><ul class=\"wp-block-latest-posts__list wp-block-latest-posts\"><li><a class=\"wp-block-latest-posts__post-title\" href=\"https:\/\/smkielnia.szczecin.pl\/index.php\/2025\/12\/03\/bon-cieplowniczy\/\">Bon ciep\u0142owniczy<\/a><\/li>\n<li><a class=\"wp-block-latest-posts__post-title\" href=\"https:\/\/smkielnia.szczecin.pl\/index.php\/2025\/10\/30\/312\/\">10 listopada<\/a><\/li>\n<li><a class=\"wp-block-latest-posts__post-title\" href=\"https:\/\/smkielnia.szczecin.pl\/index.php\/2025\/05\/29\/sprawozdanie-finansowe-za-2024-rok\/\">Sprawozdanie finansowe za 2024 rok<\/a><\/li>\n<li><a class=\"wp-block-latest-posts__post-title\" href=\"https:\/\/smkielnia.szczecin.pl\/index.php\/2025\/04\/16\/2-go-maja-biuro-spoldzielni-bedzie-nieczynne\/\">2-go maja biuro sp\u00f3\u0142dzielni b\u0119dzie nieczynne<\/a><\/li>\n<li><a class=\"wp-block-latest-posts__post-title\" href=\"https:\/\/smkielnia.szczecin.pl\/index.php\/2025\/04\/13\/swieta-wielkanocne-nie-pracujemy\/\">\u015awi\u0119ta Wielkanocne &#8211; nie pracujemy<\/a><\/li>\n<\/ul><\/div><\/div><div id=\"block-4\" class=\"et_pb_widget widget_block\"><div class=\"wp-block-group is-layout-flow wp-block-group-is-layout-flow\"><h2 class=\"wp-block-heading\">Recent Comments<\/h2><div class=\"no-comments wp-block-latest-comments\">Brak komentarzy do wy\u015bwietlenia.<\/div><\/div><\/div><\/div><\/div><\/div><\/div>\n","protected":false},"excerpt":{"rendered":"","protected":false},"author":1,"featured_media":0,"parent":0,"menu_order":0,"comment_status":"closed","ping_status":"closed","template":"","meta":{"footnotes":""},"class_list":["post-191","page","type-page","status-publish","hentry"],"_links":{"self":[{"href":"https:\/\/smkielnia.szczecin.pl\/index.php\/wp-json\/wp\/v2\/pages\/191","targetHints":{"allow":["GET"]}}],"collection":[{"href":"https:\/\/smkielnia.szczecin.pl\/index.php\/wp-json\/wp\/v2\/pages"}],"about":[{"href":"https:\/\/smkielnia.szczecin.pl\/index.php\/wp-json\/wp\/v2\/types\/page"}],"author":[{"embeddable":true,"href":"https:\/\/smkielnia.szczecin.pl\/index.php\/wp-json\/wp\/v2\/users\/1"}],"replies":[{"embeddable":true,"href":"https:\/\/smkielnia.szczecin.pl\/index.php\/wp-json\/wp\/v2\/comments?post=191"}],"version-history":[{"count":5,"href":"https:\/\/smkielnia.szczecin.pl\/index.php\/wp-json\/wp\/v2\/pages\/191\/revisions"}],"predecessor-version":[{"id":387,"href":"https:\/\/smkielnia.szczecin.pl\/index.php\/wp-json\/wp\/v2\/pages\/191\/revisions\/387"}],"wp:attachment":[{"href":"https:\/\/smkielnia.szczecin.pl\/index.php\/wp-json\/wp\/v2\/media?parent=191"}],"curies":[{"name":"wp","href":"https:\/\/api.w.org\/{rel}","templated":true}]}}