{"id":130,"date":"2024-06-16T20:04:28","date_gmt":"2024-06-16T20:04:28","guid":{"rendered":"https:\/\/smkielnia.szczecin.pl\/?page_id=130"},"modified":"2026-03-19T19:32:42","modified_gmt":"2026-03-19T17:32:42","slug":"start","status":"publish","type":"page","link":"https:\/\/smkielnia.szczecin.pl\/index.php\/start\/","title":{"rendered":"Start"},"content":{"rendered":"<div class=\"et_pb_section_0 et_pb_section et_section_regular et_block_section\"><div class=\"et_pb_row_0 et_pb_row et_block_row\"><div class=\"et_pb_column_0 et_pb_column et_pb_column_4_4 et-last-child et_block_column et_pb_css_mix_blend_mode_passthrough\"><div class=\"et_pb_image_0 et_pb_image et_pb_image_sticky et_pb_module et_block_module\"><span class=\"et_pb_image_wrap\"><img loading=\"lazy\" decoding=\"async\" src=\"https:\/\/smkielnia.szczecin.pl\/wp-content\/uploads\/2024\/06\/header.jpg\" width=\"1268\" height=\"150\" srcset=\"https:\/\/smkielnia.szczecin.pl\/wp-content\/uploads\/2024\/06\/header.jpg 1268w, https:\/\/smkielnia.szczecin.pl\/wp-content\/uploads\/2024\/06\/header-980x116.jpg 980w, https:\/\/smkielnia.szczecin.pl\/wp-content\/uploads\/2024\/06\/header-480x57.jpg 480w\" sizes=\"(min-width: 0px) and (max-width: 480px) 480px, (min-width: 481px) and (max-width: 980px) 980px, (min-width: 981px) 1268px, 100vw\" class=\"wp-image-19\" \/><\/span><\/div><div class=\"et_pb_text_0 et_pb_text et_pb_bg_layout_light et_pb_module et_block_module et_pb_text_align_center\"><div class=\"et_pb_text_inner\"><p style=\"text-align: center;\">SM Kielnia<\/p>\n<\/div><\/div><\/div><\/div><div class=\"et_pb_row_1 et_pb_row et_block_row\"><div class=\"et_pb_column_1 et_pb_column et_pb_column_3_5 et_block_column et_pb_css_mix_blend_mode_passthrough\"><div class=\"et_pb_gallery_0 et_pb_gallery et_pb_bg_layout_light et_pb_slider et_pb_gallery_fullwidth clearfix et_pb_module\" data-auto-rotate=\"off\" data-auto-rotate-speed=\"\"><div class=\"et_pb_gallery_items et_post_gallery clearfix\" data-per_page=\"4\"><div class=\"et_pb_gallery_item et_pb_gallery_item_0_0\"><div class=\"et_pb_gallery_image landscape\" data-per_page=\"4\"><a href=\"https:\/\/smkielnia.szczecin.pl\/wp-content\/uploads\/2024\/06\/IMG_0021.jpg\" title=\"IMG_0021\"><img loading=\"lazy\" decoding=\"async\" width=\"880\" height=\"400\" src=\"https:\/\/smkielnia.szczecin.pl\/wp-content\/uploads\/2024\/06\/IMG_0021.jpg\" alt=\"\" class=\"wp-image-25\" srcset=\"https:\/\/smkielnia.szczecin.pl\/wp-content\/uploads\/2024\/06\/IMG_0021.jpg 880w, https:\/\/smkielnia.szczecin.pl\/wp-content\/uploads\/2024\/06\/IMG_0021-480x218.jpg 480w\" sizes=\"(min-width: 0px) and (max-width: 480px) 480px, (min-width: 481px) 880px, 100vw\" \/><span class=\"et_overlay\" data-icon=\"\" data-icon-tablet=\"\" data-icon-phone=\"\"><\/span><\/a><\/div><\/div><div class=\"et_pb_gallery_item et_pb_gallery_item_0_1\"><div class=\"et_pb_gallery_image landscape\" data-per_page=\"4\"><a href=\"https:\/\/smkielnia.szczecin.pl\/wp-content\/uploads\/2024\/06\/IMG_0001.jpg\" title=\"IMG_0001\"><img loading=\"lazy\" decoding=\"async\" width=\"880\" height=\"400\" src=\"https:\/\/smkielnia.szczecin.pl\/wp-content\/uploads\/2024\/06\/IMG_0001.jpg\" alt=\"\" class=\"wp-image-21\" srcset=\"https:\/\/smkielnia.szczecin.pl\/wp-content\/uploads\/2024\/06\/IMG_0001.jpg 880w, https:\/\/smkielnia.szczecin.pl\/wp-content\/uploads\/2024\/06\/IMG_0001-480x218.jpg 480w\" sizes=\"(min-width: 0px) and (max-width: 480px) 480px, (min-width: 481px) 880px, 100vw\" \/><span class=\"et_overlay\" data-icon=\"\" data-icon-tablet=\"\" data-icon-phone=\"\"><\/span><\/a><\/div><\/div><div class=\"et_pb_gallery_item et_pb_gallery_item_0_2\"><div class=\"et_pb_gallery_image landscape\" data-per_page=\"4\"><a href=\"https:\/\/smkielnia.szczecin.pl\/wp-content\/uploads\/2024\/06\/IMG_0005.jpg\" title=\"IMG_0005\"><img loading=\"lazy\" decoding=\"async\" width=\"880\" height=\"400\" src=\"https:\/\/smkielnia.szczecin.pl\/wp-content\/uploads\/2024\/06\/IMG_0005.jpg\" alt=\"\" class=\"wp-image-22\" srcset=\"https:\/\/smkielnia.szczecin.pl\/wp-content\/uploads\/2024\/06\/IMG_0005.jpg 880w, https:\/\/smkielnia.szczecin.pl\/wp-content\/uploads\/2024\/06\/IMG_0005-480x218.jpg 480w\" sizes=\"(min-width: 0px) and (max-width: 480px) 480px, (min-width: 481px) 880px, 100vw\" \/><span class=\"et_overlay\" data-icon=\"\" data-icon-tablet=\"\" data-icon-phone=\"\"><\/span><\/a><\/div><\/div><div class=\"et_pb_gallery_item et_pb_gallery_item_0_3\"><div class=\"et_pb_gallery_image landscape\" data-per_page=\"4\"><a href=\"https:\/\/smkielnia.szczecin.pl\/wp-content\/uploads\/2024\/06\/IMG_0009.jpg\" title=\"IMG_0009\"><img loading=\"lazy\" decoding=\"async\" width=\"880\" height=\"400\" src=\"https:\/\/smkielnia.szczecin.pl\/wp-content\/uploads\/2024\/06\/IMG_0009.jpg\" alt=\"\" class=\"wp-image-23\" srcset=\"https:\/\/smkielnia.szczecin.pl\/wp-content\/uploads\/2024\/06\/IMG_0009.jpg 880w, https:\/\/smkielnia.szczecin.pl\/wp-content\/uploads\/2024\/06\/IMG_0009-480x218.jpg 480w\" sizes=\"(min-width: 0px) and (max-width: 480px) 480px, (min-width: 481px) 880px, 100vw\" \/><span class=\"et_overlay\" data-icon=\"\" data-icon-tablet=\"\" data-icon-phone=\"\"><\/span><\/a><\/div><\/div><div class=\"et_pb_gallery_item et_pb_gallery_item_0_4\"><div class=\"et_pb_gallery_image landscape\" data-per_page=\"4\"><a href=\"https:\/\/smkielnia.szczecin.pl\/wp-content\/uploads\/2024\/06\/IMG_0014.jpg\" title=\"IMG_0014\"><img loading=\"lazy\" decoding=\"async\" width=\"880\" height=\"400\" src=\"https:\/\/smkielnia.szczecin.pl\/wp-content\/uploads\/2024\/06\/IMG_0014.jpg\" alt=\"\" class=\"wp-image-24\" srcset=\"https:\/\/smkielnia.szczecin.pl\/wp-content\/uploads\/2024\/06\/IMG_0014.jpg 880w, https:\/\/smkielnia.szczecin.pl\/wp-content\/uploads\/2024\/06\/IMG_0014-480x218.jpg 480w\" sizes=\"(min-width: 0px) and (max-width: 480px) 480px, (min-width: 481px) 880px, 100vw\" \/><span class=\"et_overlay\" data-icon=\"\" data-icon-tablet=\"\" data-icon-phone=\"\"><\/span><\/a><\/div><\/div><div class=\"et_pb_gallery_item et_pb_gallery_item_0_5\"><div class=\"et_pb_gallery_image landscape\" data-per_page=\"4\"><a href=\"https:\/\/smkielnia.szczecin.pl\/wp-content\/uploads\/2024\/06\/IMG_0023.jpg\" title=\"IMG_0023\"><img loading=\"lazy\" decoding=\"async\" width=\"880\" height=\"400\" src=\"https:\/\/smkielnia.szczecin.pl\/wp-content\/uploads\/2024\/06\/IMG_0023.jpg\" alt=\"\" class=\"wp-image-26\" srcset=\"https:\/\/smkielnia.szczecin.pl\/wp-content\/uploads\/2024\/06\/IMG_0023.jpg 880w, https:\/\/smkielnia.szczecin.pl\/wp-content\/uploads\/2024\/06\/IMG_0023-480x218.jpg 480w\" sizes=\"(min-width: 0px) and (max-width: 480px) 480px, (min-width: 481px) 880px, 100vw\" \/><span class=\"et_overlay\" data-icon=\"\" data-icon-tablet=\"\" data-icon-phone=\"\"><\/span><\/a><\/div><\/div><\/div><\/div><div class=\"et_pb_toggle_0 et_pb_toggle et_pb_toggle_item et_pb_toggle_open et_pb_module et_block_module\"><h5 class=\"et_pb_toggle_title\">O sp\u00f3\u0142dzielni Kielnia<\/h5><div class=\"et_pb_toggle_content clearfix\"><p><span style=\"color: #ffffff;\">Celem dzia\u0142alno\u015bci Sp\u00f3\u0142dzielni jest zaspokajanie potrzeb mieszkaniowych os\u00f3b do niej nale\u017c\u0105cych oraz ich rodzin, poprzez dostarczanie samodzielnych lokali mieszkalnych lub dom\u00f3w jednorodzinnych, a tak\u017ce lokali o innym przeznaczeniu. Lokale o innym przeznaczeniu to lokale u\u017cytkowe, gara\u017ce, miejsca postojowe w gara\u017cach wielostanowiskowych.<\/span><\/p>\n<\/div><\/div><\/div><div class=\"et_pb_column_2 et_pb_column et_pb_column_2_5 et-last-child et_block_column et_pb_css_mix_blend_mode_passthrough\"><div class=\"et_pb_blog_0 et_pb_blog et_pb_bg_layout_light et_pb_posts et_pb_module\"><div class=\"et_pb_ajax_pagination_container\"><div class=\"et_pb_posts et_block_module\"><article class=\"et_pb_post et_pb_post_id_319 clearfix et_pb_blog_item_0_0 post-319 post type-post status-publish format-standard hentry category-uncategorized\"><h1 class=\"entry-title\"><a href=\"https:\/\/smkielnia.szczecin.pl\/index.php\/2025\/12\/03\/bon-cieplowniczy\/\">Bon ciep\u0142owniczy<\/a><\/h1><p class=\"post-meta\"><span class=\"published\">gru 3, 2025<\/span><\/p><div class=\"post-content\"><div class=\"post-content-inner\"><p>Bon Ciep\u0142owniczy dla Mieszka\u0144c\u00f3w Ustawa z dnia 12 wrze\u015bnia 2025 roku wprowadza bon ciep\u0142owniczy, kt\u00f3ry jest wsparciem finansowym dla gospodarstw domowych korzystaj\u0105cych z ciep\u0142a systemowego. Aby si\u0119 zakwalifikowa\u0107, gospodarstwa musz\u0105 spe\u0142nia\u0107 okre\u015blone kryteria&#8230;<\/p>\n<\/div><a href=\"https:\/\/smkielnia.szczecin.pl\/index.php\/2025\/12\/03\/bon-cieplowniczy\/\" class=\"more-link\">czytaj wi\u0119cej&#8230;<\/a><\/div><\/article><article class=\"et_pb_post et_pb_post_id_312 clearfix et_pb_blog_item_0_1 post-312 post type-post status-publish format-standard hentry category-uncategorized\"><h1 class=\"entry-title\"><a href=\"https:\/\/smkielnia.szczecin.pl\/index.php\/2025\/10\/30\/312\/\">10 listopada<\/a><\/h1><p class=\"post-meta\"><span class=\"published\">pa\u017a 30, 2025<\/span><\/p><div class=\"post-content\"><div class=\"post-content-inner\"><p>Zamkni\u0119cie Biura Biuro Nieczynne 10-11 Listopada Informujemy, \u017ce nasze biuro b\u0119dzie zamkni\u0119te z okazji przed\u0142u\u017conego \u015bwi\u0119ta 11-go listopada. Przepraszamy za wszelkie niedogodno\u015bci i zapraszamy do kontaktu w inne dni robocze. Przyczyna Zamkni\u0119cia \u015awi\u0119to Niepodleg\u0142o\u015bci&#8230;<\/p>\n<\/div><a href=\"https:\/\/smkielnia.szczecin.pl\/index.php\/2025\/10\/30\/312\/\" class=\"more-link\">czytaj wi\u0119cej&#8230;<\/a><\/div><\/article><article class=\"et_pb_post et_pb_post_id_283 clearfix et_pb_blog_item_0_2 post-283 post type-post status-publish format-standard hentry category-uncategorized\"><h1 class=\"entry-title\"><a href=\"https:\/\/smkielnia.szczecin.pl\/index.php\/2025\/05\/29\/sprawozdanie-finansowe-za-2024-rok\/\">Sprawozdanie finansowe za 2024 rok<\/a><\/h1><p class=\"post-meta\"><span class=\"published\">maj 29, 2025<\/span><\/p><div class=\"post-content\"><div class=\"post-content-inner\"><p>Mo\u017cesz sprawdzi\u0107 nasze fiananse Sprawozdanie Finansowe 2024 Zapraszamy do zapoznania si\u0119 z naszym szczeg\u00f3\u0142owym sprawozdaniem finansowym za rok 2024, kt\u00f3re odzwierciedla nasze zaanga\u017cowanie w transparentno\u015b\u0107 i odpowiedzialno\u015b\u0107 finansow\u0105. Wprowadzenie do sprawozdania&#8230;<\/p>\n<\/div><a href=\"https:\/\/smkielnia.szczecin.pl\/index.php\/2025\/05\/29\/sprawozdanie-finansowe-za-2024-rok\/\" class=\"more-link\">czytaj wi\u0119cej&#8230;<\/a><\/div><\/article><article class=\"et_pb_post et_pb_post_id_248 clearfix et_pb_blog_item_0_3 post-248 post type-post status-publish format-standard hentry category-uncategorized\"><h1 class=\"entry-title\"><a href=\"https:\/\/smkielnia.szczecin.pl\/index.php\/2025\/04\/16\/2-go-maja-biuro-spoldzielni-bedzie-nieczynne\/\">2-go maja biuro sp\u00f3\u0142dzielni b\u0119dzie nieczynne<\/a><\/h1><p class=\"post-meta\"><span class=\"published\">kwi 16, 2025<\/span><\/p><div class=\"post-content\"><div class=\"post-content-inner\"><p>Przerwa w Dzia\u0142aniu Biur Sp\u00f3\u0142dzielni Informujemy, \u017ce z powodu \u015bwi\u0105t majowych, biura sp\u00f3\u0142dzielni b\u0119d\u0105 nieczynne. Dzi\u0119kujemy za zrozumienie i \u017cyczymy udanego wypoczynku! Szczeg\u00f3\u0142y Zamkni\u0119cia Biur Biura Nieczynne 2-go Maja W zwi\u0105zku z obchodami \u015awi\u0119ta Pracy oraz \u015awi\u0119ta&#8230;<\/p>\n<\/div><a href=\"https:\/\/smkielnia.szczecin.pl\/index.php\/2025\/04\/16\/2-go-maja-biuro-spoldzielni-bedzie-nieczynne\/\" class=\"more-link\">czytaj wi\u0119cej&#8230;<\/a><\/div><\/article><article class=\"et_pb_post et_pb_post_id_237 clearfix et_pb_blog_item_0_4 post-237 post type-post status-publish format-standard hentry category-uncategorized\"><h1 class=\"entry-title\"><a href=\"https:\/\/smkielnia.szczecin.pl\/index.php\/2025\/04\/13\/swieta-wielkanocne-nie-pracujemy\/\">\u015awi\u0119ta Wielkanocne &#8211; nie pracujemy<\/a><\/h1><p class=\"post-meta\"><span class=\"published\">kwi 13, 2025<\/span><\/p><div class=\"post-content\"><div class=\"post-content-inner\"><p>Zamkni\u0119cie Biur na \u015awi\u0119ta Wielkanocne Sprawd\u017a Szczeg\u00f3\u0142y Zamkni\u0119cia Informujemy, \u017ce nasze biura b\u0119d\u0105 nieczynne w okresie \u015bwi\u0105t wielkanocnych. Prosimy o zapoznanie si\u0119 z poni\u017cszymi szczeg\u00f3\u0142ami. Dowiedz si\u0119 wi\u0119cej Szczeg\u00f3\u0142y Zamkni\u0119cia Biura Nieczynne od 7 do 10 Kwietnia&#8230;<\/p>\n<\/div><a href=\"https:\/\/smkielnia.szczecin.pl\/index.php\/2025\/04\/13\/swieta-wielkanocne-nie-pracujemy\/\" class=\"more-link\">czytaj wi\u0119cej&#8230;<\/a><\/div><\/article><article class=\"et_pb_post et_pb_post_id_218 clearfix et_pb_blog_item_0_5 post-218 post type-post status-publish format-standard hentry category-uncategorized\"><h1 class=\"entry-title\"><a href=\"https:\/\/smkielnia.szczecin.pl\/index.php\/2024\/08\/12\/218\/\">16-go sierpnia dzie\u0144 wolny<\/a><\/h1><p class=\"post-meta\"><span class=\"published\">sie 12, 2024<\/span><\/p><div class=\"post-content\"><div class=\"post-content-inner\"><p>W zwi\u0105zku z faktem, \u017ce 15-go sieprnia jest \u015bwi\u0119to informujemy uprzejmie naszym klinet\u00f3w, \u017ce w dniu nastepnym, tj. 16-go sierpnia 2024r biura sp\u00f3\u0142dzielni &#8222;Kielnia&#8221; b\u0119d\u0105 nieczynne.\u00a0Zapraszamy ponownie od poniedzia\u0142ku 19-go sieprnia. &nbsp; Administracja Sp\u00f3\u0142dzielni&#8230;<\/p>\n<\/div><a href=\"https:\/\/smkielnia.szczecin.pl\/index.php\/2024\/08\/12\/218\/\" class=\"more-link\">czytaj wi\u0119cej&#8230;<\/a><\/div><\/article><article class=\"et_pb_post et_pb_post_id_144 clearfix et_pb_blog_item_0_6 post-144 post type-post status-publish format-standard hentry category-uncategorized\"><h1 class=\"entry-title\"><a href=\"https:\/\/smkielnia.szczecin.pl\/index.php\/2024\/06\/02\/pogotowie-lokatorskie-dla-prawobrzeza\/\">Pogotowie Lokatorskie dla prawobrze\u017ca i Mierzyna<\/a><\/h1><p class=\"post-meta\"><span class=\"published\">cze 2, 2024<\/span><\/p><div class=\"post-content\"><div class=\"post-content-inner\"><p>Informujemy, \u017ce osiedla po\u0142o\u017cone na Prawobrze\u017cu oraz w Mierzynie obs\u0142uguje pogotowie lokatorskie pod nr telefonu 609 587 557<\/p>\n<\/div><a href=\"https:\/\/smkielnia.szczecin.pl\/index.php\/2024\/06\/02\/pogotowie-lokatorskie-dla-prawobrzeza\/\" class=\"more-link\">czytaj wi\u0119cej&#8230;<\/a><\/div><\/article><article class=\"et_pb_post et_pb_post_id_108 clearfix et_pb_blog_item_0_7 post-108 post type-post status-publish format-standard hentry category-uncategorized\"><h1 class=\"entry-title\"><a href=\"https:\/\/smkielnia.szczecin.pl\/index.php\/2024\/06\/02\/awaria-lacza-usunieta\/\">Awaria \u0142\u0105cza usuni\u0119ta<\/a><\/h1><p class=\"post-meta\"><span class=\"published\">cze 2, 2024<\/span><\/p><div class=\"post-content\"><div class=\"post-content-inner\"><p>e-czynsze Szanowni Pa\u0144stwo w zwi\u0105zku z atakiem DDONS na nasze \u0142\u0105cze dost\u0119p do e-czynszy zosta\u0142 chwilowo zawieszony. Problem zostanie na dniach rozwi\u0105zany i dost\u0119p zostanie przywr\u00f3cony &nbsp;<\/p>\n<\/div><a href=\"https:\/\/smkielnia.szczecin.pl\/index.php\/2024\/06\/02\/awaria-lacza-usunieta\/\" class=\"more-link\">czytaj wi\u0119cej&#8230;<\/a><\/div><\/article><\/div><div class=\"pagination clearfix\">\n\t<div class=\"alignleft\"><\/div>\n\t<div class=\"alignright\"><\/div>\n<\/div><\/div><\/div><\/div><\/div><div class=\"et_pb_row_2 et_pb_row et_block_row\"><div class=\"et_pb_column_3 et_pb_column et_pb_column_1_3 et_block_column et_pb_css_mix_blend_mode_passthrough\"><div class=\"et_pb_module et_pb_button_module_wrapper et_pb_button_0_wrapper\"><a class=\"et_pb_button_0 et_pb_button et_pb_bg_layout_light et_animated et_pb_module et_block_module\" href=\"https:\/\/smkielnia.szczecin.pl\/wp-content\/uploads\/2024\/06\/Statut_29_06_2018.pdf\" target=\"_blank\" data-icon=\"\ue092\">Statut Sp\u00f3\u0142dzielni Mieszkaniowej Kielnia<\/a><\/div><div class=\"et_pb_module et_pb_button_module_wrapper et_pb_button_1_wrapper\"><a class=\"et_pb_button_1 et_pb_button et_pb_bg_layout_light et_animated et_pb_module et_block_module\" href=\"https:\/\/smkielnia.szczecin.pl\/wp-content\/uploads\/2024\/06\/Regulamin_Porzadku_Domowego_SM_Kielnia_2016.pdf\" target=\"_blank\" data-icon=\"\ue092\">Regulamin Porz\u0105dku Domowego<\/a><\/div><\/div><div class=\"et_pb_column_4 et_pb_column et_pb_column_1_3 et_block_column et_pb_css_mix_blend_mode_passthrough\"><div class=\"et_pb_module et_pb_button_module_wrapper et_pb_button_2_wrapper\"><a class=\"et_pb_button_2 et_pb_button et_pb_bg_layout_light et_animated et_pb_module et_block_module\" href=\"https:\/\/smkielnia.szczecin.pl\/wp-content\/uploads\/2024\/06\/Regulamin_Funduszu_Remontowego_SM_Kielnia_2016.pdf\" target=\"_blank\" data-icon=\"\ue092\">Regulamin Funduszu Remontowego<\/a><\/div><div class=\"et_pb_module et_pb_button_module_wrapper et_pb_button_3_wrapper\"><a class=\"et_pb_button_3 et_pb_button et_pb_bg_layout_light et_animated et_pb_module et_block_module\" href=\"https:\/\/smkielnia.szczecin.pl\/wp-content\/uploads\/2024\/06\/Regulamin_Zarzadu_SM_Kielnia_2016.pdf\" target=\"_blank\" data-icon=\"\ue092\">Regulamin Zarz\u0105du SM Kielnia<\/a><\/div><\/div><div class=\"et_pb_column_5 et_pb_column et_pb_column_1_3 et-last-child et_block_column et_pb_css_mix_blend_mode_passthrough\"><div class=\"et_pb_module et_pb_button_module_wrapper et_pb_button_4_wrapper\"><a class=\"et_pb_button_4 et_pb_button et_pb_bg_layout_light et_animated et_pb_module et_block_module\" href=\"https:\/\/smkielnia.szczecin.pl\/wp-content\/uploads\/2024\/06\/regulamin_gospodarki_finansowej.pdf\" target=\"_blank\" data-icon=\"\ue092\">Regulamin Gospodarki Finansowej<\/a><\/div><div class=\"et_pb_module et_pb_button_module_wrapper et_pb_button_5_wrapper\"><a class=\"et_pb_button_5 et_pb_button et_pb_bg_layout_light et_animated et_pb_module et_block_module\" href=\"https:\/\/smkielnia.szczecin.pl\/wp-content\/uploads\/2025\/05\/Regulamin-rozliczania-kosztow.pdf\" target=\"_blank\" data-icon=\"\ue092\">Regulamin Rozliczania Koszt\u00f3w i Ustalania Op\u0142at<\/a><\/div><\/div><\/div><\/div>","protected":false},"excerpt":{"rendered":"","protected":false},"author":1,"featured_media":0,"parent":0,"menu_order":0,"comment_status":"closed","ping_status":"closed","template":"","meta":{"footnotes":""},"class_list":["post-130","page","type-page","status-publish","hentry"],"_links":{"self":[{"href":"https:\/\/smkielnia.szczecin.pl\/index.php\/wp-json\/wp\/v2\/pages\/130","targetHints":{"allow":["GET"]}}],"collection":[{"href":"https:\/\/smkielnia.szczecin.pl\/index.php\/wp-json\/wp\/v2\/pages"}],"about":[{"href":"https:\/\/smkielnia.szczecin.pl\/index.php\/wp-json\/wp\/v2\/types\/page"}],"author":[{"embeddable":true,"href":"https:\/\/smkielnia.szczecin.pl\/index.php\/wp-json\/wp\/v2\/users\/1"}],"replies":[{"embeddable":true,"href":"https:\/\/smkielnia.szczecin.pl\/index.php\/wp-json\/wp\/v2\/comments?post=130"}],"version-history":[{"count":17,"href":"https:\/\/smkielnia.szczecin.pl\/index.php\/wp-json\/wp\/v2\/pages\/130\/revisions"}],"predecessor-version":[{"id":386,"href":"https:\/\/smkielnia.szczecin.pl\/index.php\/wp-json\/wp\/v2\/pages\/130\/revisions\/386"}],"wp:attachment":[{"href":"https:\/\/smkielnia.szczecin.pl\/index.php\/wp-json\/wp\/v2\/media?parent=130"}],"curies":[{"name":"wp","href":"https:\/\/api.w.org\/{rel}","templated":true}]}}