{"id":13,"date":"2024-06-02T18:55:37","date_gmt":"2024-06-02T18:55:37","guid":{"rendered":"https:\/\/smkielnia.szczecin.pl\/?page_id=13"},"modified":"2026-03-19T19:32:37","modified_gmt":"2026-03-19T17:32:37","slug":"kontakt","status":"publish","type":"page","link":"https:\/\/smkielnia.szczecin.pl\/index.php\/kontakt\/","title":{"rendered":"Kontakt"},"content":{"rendered":"\n<div class=\"et_pb_section_0 et_pb_section et_section_regular et_block_section\"><div class=\"et_pb_row_0 et_pb_row et_block_row\"><div class=\"et_pb_column_0 et_pb_column et_pb_column_4_4 et-last-child et_block_column et_pb_css_mix_blend_mode_passthrough\"><div class=\"et_pb_image_0 et_pb_image et_pb_image_sticky et_pb_module et_block_module\"><span class=\"et_pb_image_wrap\"><img loading=\"lazy\" decoding=\"async\" src=\"https:\/\/smkielnia.szczecin.pl\/wp-content\/uploads\/2024\/06\/header.jpg\" width=\"1268\" height=\"150\" srcset=\"https:\/\/smkielnia.szczecin.pl\/wp-content\/uploads\/2024\/06\/header.jpg 1268w, https:\/\/smkielnia.szczecin.pl\/wp-content\/uploads\/2024\/06\/header-980x116.jpg 980w, https:\/\/smkielnia.szczecin.pl\/wp-content\/uploads\/2024\/06\/header-480x57.jpg 480w\" sizes=\"(min-width: 0px) and (max-width: 480px) 480px, (min-width: 481px) and (max-width: 980px) 980px, (min-width: 981px) 1268px, 100vw\" class=\"wp-image-19\" \/><\/span><\/div><div class=\"et_pb_text_0 et_pb_text et_pb_bg_layout_light et_pb_module et_block_module et_pb_text_align_center\"><div class=\"et_pb_text_inner\"><p style=\"text-align: center;\">Kontakt<\/p>\n<\/div><\/div><\/div><\/div><div class=\"et_pb_row_1 et_pb_row et_block_row\"><div class=\"et_pb_column_1 et_pb_column et_pb_column_2_5 et_block_column et_pb_css_mix_blend_mode_passthrough\"><div class=\"et_pb_text_1 et_pb_text et_pb_bg_layout_light et_pb_module et_block_module\"><div class=\"et_pb_text_inner\"><h5><strong>Sp\u00f3\u0142dzielnia Mieszkaniowa \"Kielnia\"<\/strong><\/h5>\n<p>ul. Jagiello\u0144ska 36<br \/>\n70-382 Szczecin<br \/>\ne-mail: <a href=\"mailto:biuro@smkielnia.szczecin.pl\"><span style=\"color: #0000ff;\"><strong>biuro@smkielnia.szczecin.pl<\/strong><\/span><\/a><\/p>\n<h5><strong>Godziny otwarcia biura sp\u00f3\u0142dzielni<\/strong><\/h5>\n<p>Poniedzia\u0142ek: 8:00 - 17:00<br \/>\nWtorek-czwartek: 7:00 - 15:00<br \/>\nPi\u0105tek: 7:00 - 14:00<\/p>\n<h5>Numery telefon\u00f3w<\/h5>\n<p>Sekretariat: +48 91 484 20 13<br \/>\nKsi\u0119gowo\u015b\u0107: +48 91 484 20 14<br \/>\nDzia\u0142 techniczny: +48 91 484 20 15<\/p>\n<h5>Pogotowie lokatorskie:<\/h5>\n<p>Lewobrze\u017ce<strong>: <\/strong>+48 609 587 557<span style=\"font-size: small;\"><\/span><br \/>\nPrawobrze\u017ce i Mierzyn: +48 609 587 557<\/p>\n<p>WM Bohater\u00f3w Warszawy 13a, 13b: +48 609 587 557<br \/>\nWM Dunikowskiego 38, 38a, 38b: +48 609 587 557<br \/>\nWM Chmurna 2, 4: +48 609 587 557<\/p>\n<h5>Telefony alarmowe<\/h5>\n<p>Pog. energetyczne:<br \/>\nlewobrze\u017ce:\u00a0 \u00a0 \u00a0 \u00a0 \u00a0 \u00a0+48 91 813 32 00<br \/>\n+48 91 425 22 00<br \/>\nprawobrze\u017ce:\u00a0 \u00a0 \u00a0 \u00a0 +48 91 432 69 91<\/p>\n<p>Pog. gazowe:\u00a0 \u00a0 \u00a0 \u00a0 \u00a0 +48 91 486 49 92<br \/>\nPog. wodno-kan.: +48 91 442 63 37<\/p>\n<\/div><\/div><\/div><div class=\"et_pb_column_2 et_pb_column et_pb_column_3_5 et-last-child et_block_column et_pb_css_mix_blend_mode_passthrough\"><div class=\"et_pb_contact_form_0 et_pb_contact_form_container clearfix et_pb_module et_flex_module\" data-form_unique_num=\"0\" data-form_unique_id=\"85f7e4d4-1105-40f6-ab00-2a199d7c5337\" id=\"et_pb_contact_form_1\"><h1 class=\"et_pb_contact_main_title\">Formularz kontaktowy<\/h1><div class=\"et-pb-contact-message\"><\/div><div class=\"et_pb_contact\"><form class=\"et_pb_contact_form et_flex_module\" method=\"post\" action=\"https:\/\/smkielnia.szczecin.pl\/index.php\/wp-json\/wp\/v2\/pages\/13\"><div class=\"et_pb_contact_field_0 et_pb_contact_field et_pb_module et_flex_module et_flex_column_12_24 et_flex_column_12_24_tablet et_flex_column_12_24_phone\" data-id=\"name\" data-type=\"input\"><label class=\"et_pb_contact_form_label\" for=\"et_pb_contact_0_name_0\">Imi\u0119 i nazwisko \/ Firma<\/label><input type=\"text\" name=\"et_pb_contact_0_name_0\" id=\"et_pb_contact_0_name_0\" class=\"input\" data-required_mark=\"required\" data-field_type=\"input\" data-original_id=\"name\" placeholder=\"Imi\u0119 i nazwisko \/ Firma\" title=\"\" value=\"\" \/><\/div><div class=\"et_pb_contact_field_1 et_pb_contact_field et_pb_module et_flex_module et_flex_column_12_24 et_flex_column_12_24_tablet et_flex_column_12_24_phone\" data-id=\"email\" data-type=\"email\"><label class=\"et_pb_contact_form_label\" for=\"et_pb_contact_0_email_1\">email do kontaktu<\/label><input type=\"text\" name=\"et_pb_contact_0_email_1\" id=\"et_pb_contact_0_email_1\" class=\"input\" data-required_mark=\"required\" data-field_type=\"email\" data-original_id=\"email\" placeholder=\"email do kontaktu\" title=\"\" value=\"\" \/><\/div><div class=\"et_pb_contact_field_2 et_pb_contact_field et_pb_module et_flex_module et_flex_column_24_24 et_flex_column_24_24_tablet et_flex_column_24_24_phone\" data-id=\"message\" data-type=\"text\"><label class=\"et_pb_contact_form_label\" for=\"et_pb_contact_0_message_2\">Wiadomo\u015b\u0107<\/label><textarea name=\"et_pb_contact_0_message_2\" id=\"et_pb_contact_0_message_2\" class=\"et_pb_contact_message input\" data-required_mark=\"required\" data-field_type=\"text\" data-original_id=\"message\" placeholder=\"Wiadomo\u015b\u0107\"><\/textarea><\/div><input type=\"hidden\" name=\"et_pb_contactform_submit_85f7e4d4-1105-40f6-ab00-2a199d7c5337\" value=\"et_contact_proccess\" \/><div class=\"et_contact_bottom_container\"><div class=\"et_pb_contact_right et_pb_contact_field\"><p class=\"clearfix\"><span class=\"et_pb_contact_captcha_question\">10 + 14<\/span> = <input type=\"text\" size=\"2\" class=\"input et_pb_contact_captcha\" data-first_digit=\"10\" data-second_digit=\"14\" data-required_mark=\"required\" name=\"et_pb_contact_captcha_85f7e4d4-1105-40f6-ab00-2a199d7c5337\" autocomplete=\"off\" \/><\/p><\/div><div class=\"et_pb_button_wrapper\"><button type=\"submit\" name=\"et_builder_submit_button\" class=\"et_pb_button et_pb_contact_submit\">Wy\u015blij wiadomo\u015b\u0107<\/button><\/div><\/div><input type=\"hidden\" id=\"_wpnonce-et-pb-contact-form-submitted-85f7e4d4-1105-40f6-ab00-2a199d7c5337\" name=\"_wpnonce-et-pb-contact-form-submitted-85f7e4d4-1105-40f6-ab00-2a199d7c5337\" value=\"8215263d53\" \/><input type=\"hidden\" name=\"_wp_http_referer\" value=\"\/index.php\/wp-json\/wp\/v2\/pages\/13\" \/><\/form><\/div><\/div><div class=\"et_pb_module et_pb_button_module_wrapper et_pb_button_0_wrapper\"><a class=\"et_pb_button_0 et_pb_button et_pb_bg_layout_light et_pb_module et_block_module\" href=\"https:\/\/smkielnia.szczecin.pl\/?p=165\">Logowanie do panelu<\/a><\/div><\/div><\/div><div class=\"et_pb_row_2 et_pb_row et_block_row\"><div class=\"et_pb_column_3 et_pb_column et_pb_column_4_4 et-last-child et_block_column et_pb_css_mix_blend_mode_passthrough\"><div class=\"et_pb_map_0 et_pb_map_container et_pb_module et_flex_module\" data-grayscale=\"\"><div class=\"et_pb_map\" data-center-lat=\"53.433903346562\" data-center-lng=\"14.529899468954\" data-zoom=\"18\" data-mouse-wheel=\"on\" data-mobile-dragging=\"on\"><\/div><\/div><\/div><\/div><\/div>\n","protected":false},"excerpt":{"rendered":"","protected":false},"author":1,"featured_media":0,"parent":0,"menu_order":0,"comment_status":"closed","ping_status":"closed","template":"","meta":{"footnotes":""},"class_list":["post-13","page","type-page","status-publish","hentry"],"_links":{"self":[{"href":"https:\/\/smkielnia.szczecin.pl\/index.php\/wp-json\/wp\/v2\/pages\/13","targetHints":{"allow":["GET"]}}],"collection":[{"href":"https:\/\/smkielnia.szczecin.pl\/index.php\/wp-json\/wp\/v2\/pages"}],"about":[{"href":"https:\/\/smkielnia.szczecin.pl\/index.php\/wp-json\/wp\/v2\/types\/page"}],"author":[{"embeddable":true,"href":"https:\/\/smkielnia.szczecin.pl\/index.php\/wp-json\/wp\/v2\/users\/1"}],"replies":[{"embeddable":true,"href":"https:\/\/smkielnia.szczecin.pl\/index.php\/wp-json\/wp\/v2\/comments?post=13"}],"version-history":[{"count":4,"href":"https:\/\/smkielnia.szczecin.pl\/index.php\/wp-json\/wp\/v2\/pages\/13\/revisions"}],"predecessor-version":[{"id":381,"href":"https:\/\/smkielnia.szczecin.pl\/index.php\/wp-json\/wp\/v2\/pages\/13\/revisions\/381"}],"wp:attachment":[{"href":"https:\/\/smkielnia.szczecin.pl\/index.php\/wp-json\/wp\/v2\/media?parent=13"}],"curies":[{"name":"wp","href":"https:\/\/api.w.org\/{rel}","templated":true}]}}